{"id":17246,"date":"2021-06-22T14:21:26","date_gmt":"2021-06-22T14:21:26","guid":{"rendered":"https:\/\/squaregardenmadrid.com\/?page_id=17246"},"modified":"2021-06-23T07:40:41","modified_gmt":"2021-06-23T07:40:41","slug":"legal-notice","status":"publish","type":"page","link":"https:\/\/squaregardenmadrid.com\/en\/legal-notice\/","title":{"rendered":"Legal notice"},"content":{"rendered":"\t\t<div data-elementor-type=\"wp-page\" data-elementor-id=\"17246\" class=\"elementor elementor-17246 elementor-17522\">\n\t\t\t\t\t\t<section class=\"elementor-section elementor-top-section elementor-element elementor-element-23142a12 elementor-section-boxed elementor-section-height-default elementor-section-height-default\" data-id=\"23142a12\" data-element_type=\"section\" data-e-type=\"section\">\n\t\t\t\t\t\t<div class=\"elementor-container elementor-column-gap-default\">\n\t\t\t\t\t<div class=\"elementor-column elementor-col-100 elementor-top-column elementor-element elementor-element-700ba0bc\" data-id=\"700ba0bc\" data-element_type=\"column\" data-e-type=\"column\">\n\t\t\t<div class=\"elementor-widget-wrap elementor-element-populated\">\n\t\t\t\t\t\t<div class=\"elementor-element elementor-element-18549d69 elementor-widget elementor-widget-text-editor\" data-id=\"18549d69\" data-element_type=\"widget\" data-e-type=\"widget\" data-widget_type=\"text-editor.default\">\n\t\t\t\t<div class=\"elementor-widget-container\">\n\t\t\t\t\t\t\t\t\t<div class=\"elementor-element elementor-element-1ae2fac elementor-widget elementor-widget-text-editor\" data-id=\"1ae2fac\" data-element_type=\"widget\" data-widget_type=\"text-editor.default\">\n<div class=\"elementor-widget-container\">\n<div id=\"fws_60d1f24cd74a1\" class=\"wpb_row vc_row-fluid vc_row standard_section \" data-midnight=\"dark\" data-top-percent=\"6%\" data-bg-mobile-hidden=\"\">\n<div class=\"col span_12 dark left\">\n<div class=\"vc_col-sm-12 wpb_column column_container vc_column_container col no-extra-padding instance-2\" data-t-w-inherits=\"default\" data-border-radius=\"none\" data-shadow=\"none\" data-border-animation=\"\" data-border-animation-delay=\"\" data-border-width=\"none\" data-border-style=\"solid\" data-border-color=\"\" data-bg-cover=\"\" data-padding-pos=\"all\" data-has-bg-color=\"false\" data-bg-color=\"\" data-bg-opacity=\"1\" data-hover-bg=\"\" data-hover-bg-opacity=\"1\" data-animation=\"\" data-delay=\"0\">\n<div class=\"vc_column-inner\">\n<div class=\"wpb_wrapper\">\n<div class=\"nectar-highlighted-text instance-1\" data-style=\"full_text\" data-using-custom-color=\"true\" data-color=\"#4e017a\">\n<h3>1. LEGAL NOTICE AND GENERAL TERMS OF USE<\/h3>\n<\/div>\n<div class=\"wpb_text_column wpb_content_element \">\n<div class=\"wpb_wrapper\">\n<p class=\"p1\"><span class=\"s1\">These general terms of use for <\/span><span class=\"s2\">SILICIUS REAL ESTATE SOCIMI, S.A.<\/span><span class=\"s1\"> (\u201c<b>SILICIUS<\/b>\u201d) (<a href=\"https:\/\/squaregardenmadrid.com\"><span class=\"s3\">squaregardenmadrid.com<\/span><\/a>) website (the \u201c<b>General Terms<\/b>\u201d) regulate access to and the use of this website, as well as its webpages (the \u201c<b>Website<\/b>\u201d). Users must read these General Terms carefully given that each time they use the Website, they are accepting its content.<\/span><\/p>\n<p class=\"p1\"><span class=\"s1\">The information society services provider responsible for the Website is <\/span><span class=\"s2\">SILICIUS REAL ESTATE SOCIMI, S.A.<\/span><span class=\"s1\">, a Spanish company, with tax identification number A-87382453, registered office at Calle Vel\u00e1zquez 123, 28006, Madrid and registered with the Commercial Registry of Madrid under volume 33992 page 179 sheet M-611703, entry 1<\/span><span class=\"s1\">. You may contact SILICIUS by any of the following means:<\/span><\/p>\n<ul class=\"ul1\">\n<li class=\"li1\"><span class=\"s1\">Address: Calle Vel\u00e1zquez, 123, 28006 Madrid.<\/span><\/li>\n<li class=\"li1\"><span class=\"s1\">Email: <a href=\"mailto:datos@socimisilicius.com\">datos@socimisilicius.com<\/a><\/span><\/li>\n<\/ul>\n<p class=\"p1\"><span class=\"s1\">SILICIUS reserves its right to modify the presentation or settings of the Website and suspend, discontinue or cease to operate the Website at any time.<\/span><\/p>\n<p>USERS MUST READ THE GENERAL TERMS CAREFULLY EVERY TIME THEY WANT TO USE THE WEBSITE, AS WELL AS, WHEN APPROPRIATE, THE CORRESPONDING SPECIFIC TERMS EVERY TIME THEY WISH TO USE A SPECIFIC CONTENT OR SERVICE<\/p>\n<\/div>\n<\/div>\n<\/div>\n<\/div>\n<\/div>\n<\/div>\n<\/div>\n<div id=\"fws_60d1f24cd795f\" class=\"wpb_row vc_row-fluid vc_row standard_section \" data-midnight=\"dark\" data-bg-mobile-hidden=\"\">\n<div class=\"row-bg-wrap\" data-bg-animation=\"none\">\n<div class=\"inner-wrap\">\n<div class=\"row-bg\">\u00a0<\/div>\n<\/div>\n<div class=\"row-bg-overlay\">\u00a0<\/div>\n<\/div>\n<div class=\"col span_12 dark left\">\n<div class=\"vc_col-sm-12 wpb_column column_container vc_column_container col no-extra-padding instance-3\" data-t-w-inherits=\"default\" data-border-radius=\"none\" data-shadow=\"none\" data-border-animation=\"\" data-border-animation-delay=\"\" data-border-width=\"none\" data-border-style=\"solid\" data-border-color=\"\" data-bg-cover=\"\" data-padding-pos=\"all\" data-has-bg-color=\"false\" data-bg-color=\"\" data-bg-opacity=\"1\" data-hover-bg=\"\" data-hover-bg-opacity=\"1\" data-animation=\"\" data-delay=\"0\">\n<div class=\"column-bg-overlay\">\u00a0<\/div>\n<div class=\"vc_column-inner\">\n<div class=\"wpb_wrapper\">\n<div class=\"nectar-highlighted-text instance-2\" data-style=\"full_text\" data-using-custom-color=\"true\" data-color=\"#4e017a\">\n<h3>2. USE OF THE WEBSITE<\/h3>\n<\/div>\n<div class=\"wpb_text_column wpb_content_element \">\n<div class=\"wpb_wrapper\">\n<p class=\"p1\"><span class=\"s1\">Unless otherwise provided, the Website will be free; the user\u2019s connection charges for internet access are not included. The Website\u2019s content and services are offered only to users over the age of 18, anyone under the age of 18 is strictly prohibited from using it. Certain content and services may be regulated under specific terms and if any discrepancy occurs, those terms will prevail over the General Terms (the \u201c<b>Specific Terms<\/b>\u201d).<\/span><\/p>\n<p class=\"p1\"><span class=\"s1\">The user voluntarily and expressly accepts that they are solely and exclusively responsible for their use of the Website and undertakes not to engage in any conduct that may: (i) infringe the law or the General Terms or Specific Terms; (ii) damage the image, interests and rights of SILICIUS or of third parties; or (iii) damage, disable, overload or prevent the normal use of the Website. In particular, the user expressly undertakes not to: (i) destroy, alter, disable or in any other way damage the data and software in the Website; and (ii) introduce software, viruses, macroinstructions, controls or any other logic device or sequence of characters that cause, or are able to cause, any type of alteration in the Website\u2019s or third-parties\u2019 IT systems.<\/span><\/p>\n<\/div>\n<\/div>\n<\/div>\n<\/div>\n<\/div>\n<\/div>\n<\/div>\n<div id=\"fws_60d1f24cd7d90\" class=\"wpb_row vc_row-fluid vc_row standard_section \" data-midnight=\"dark\" data-bg-mobile-hidden=\"\">\n<div class=\"row-bg-wrap\" data-bg-animation=\"none\">\n<div class=\"inner-wrap\">\n<div class=\"row-bg\">\u00a0<\/div>\n<\/div>\n<div class=\"row-bg-overlay\">\u00a0<\/div>\n<\/div>\n<div class=\"col span_12 dark left\">\n<div class=\"vc_col-sm-12 wpb_column column_container vc_column_container col no-extra-padding instance-4\" data-t-w-inherits=\"default\" data-border-radius=\"none\" data-shadow=\"none\" data-border-animation=\"\" data-border-animation-delay=\"\" data-border-width=\"none\" data-border-style=\"solid\" data-border-color=\"\" data-bg-cover=\"\" data-padding-pos=\"all\" data-has-bg-color=\"false\" data-bg-color=\"\" data-bg-opacity=\"1\" data-hover-bg=\"\" data-hover-bg-opacity=\"1\" data-animation=\"\" data-delay=\"0\">\n<div class=\"column-bg-overlay\">\u00a0<\/div>\n<div class=\"vc_column-inner\">\n<div class=\"wpb_wrapper\">\n<div class=\"nectar-highlighted-text instance-3\" data-style=\"full_text\" data-using-custom-color=\"true\" data-color=\"#4e017a\">\n<h3>3. INTELLECTUAL AND INDUSTRIAL PROPERTY RIGHTS<\/h3>\n<\/div>\n<div class=\"wpb_text_column wpb_content_element \">\n<div class=\"wpb_wrapper\">\n<p class=\"p1\"><span class=\"s1\">All content (including graphic design, source code, logos, text, graphics, illustrations, photographs, videos, commercial names, brands or distinctive signs and any elements that appear on the Website), unless expressly indicated otherwise, are the exclusive property of SILICIUS or third parties.<\/span><\/p>\n<p class=\"p1\"><span class=\"s1\">No intellectual or industrial property rights over the Website or any of its elements are granted to the user. Reproduction, transformation, distribution, public communication, making available\/disposal, extraction, reuse, forwarding or use of any type, of any of the Website\u2019s elements, by any means or procedure, is expressly prohibited for the user, unless it is legally permitted or authorised by the holder of the corresponding rights.<\/span><\/p>\n<p class=\"p1\"><span class=\"s1\">The user may view and obtain a temporary private copy of the contents for their exclusive personal, private and non-collective use in their computer systems (software and hardware), provided that it is not for the purpose of carrying out collective activities or activities of a commercial or professional nature. The user must abstain from obtaining, or trying to obtain, the contents by means or procedures other than those that have been made available or indicated for this purpose in each case, or those that are normally used on the Internet (unless the latter involve a risk of damage to or disabling of the Website). The user must at all times respect all the intellectual and industrial property rights over the Website, whether they are held by SILICIUS or third parties.<\/span><\/p>\n<\/div>\n<\/div>\n<\/div>\n<\/div>\n<\/div>\n<\/div>\n<\/div>\n<div id=\"fws_60d1f24cd81ab\" class=\"wpb_row vc_row-fluid vc_row standard_section \" data-midnight=\"dark\" data-bg-mobile-hidden=\"\">\n<div class=\"row-bg-wrap\" data-bg-animation=\"none\">\n<div class=\"inner-wrap\">\n<div class=\"row-bg\">\u00a0<\/div>\n<\/div>\n<div class=\"row-bg-overlay\">\u00a0<\/div>\n<\/div>\n<div class=\"col span_12 dark left\">\n<div class=\"vc_col-sm-12 wpb_column column_container vc_column_container col no-extra-padding instance-5\" data-t-w-inherits=\"default\" data-border-radius=\"none\" data-shadow=\"none\" data-border-animation=\"\" data-border-animation-delay=\"\" data-border-width=\"none\" data-border-style=\"solid\" data-border-color=\"\" data-bg-cover=\"\" data-padding-pos=\"all\" data-has-bg-color=\"false\" data-bg-color=\"\" data-bg-opacity=\"1\" data-hover-bg=\"\" data-hover-bg-opacity=\"1\" data-animation=\"\" data-delay=\"0\">\n<div class=\"column-bg-overlay\">\u00a0<\/div>\n<div class=\"vc_column-inner\">\n<div class=\"wpb_wrapper\">\n<div class=\"nectar-highlighted-text instance-4\" data-style=\"full_text\" data-using-custom-color=\"true\" data-color=\"#4e017a\">\n<h3>4. HYPERLINKS AND WEBSITE LINKS<\/h3>\n<\/div>\n<div class=\"wpb_text_column wpb_content_element \">\n<div class=\"wpb_wrapper\">\n<p class=\"p1\"><span class=\"s1\">This Website may include links or references to other websites. SILICIUS is not responsible for the content of third-party websites and will not be responsible for any damage that such content may cause.<\/span><\/p>\n<p class=\"p1\"><span class=\"s1\">Anyone interested in including a link or reference to this Website must contact SILICIUS to obtain its prior express authorisation. Setting up the link will not imply any type of agreement, contract, sponsorship or recommendation by SILICIUS in relation to the website that sets up the link. SILICIUS may withdraw its authorisation at any time without the need to give any reason for such decision. If this were to occur, the webpage\/website that had included the link must delete it as soon as it receives such notification from SILICIUS.<\/span><\/p>\n<\/div>\n<\/div>\n<\/div>\n<\/div>\n<\/div>\n<\/div>\n<\/div>\n<div id=\"fws_60d1f24cd85d2\" class=\"wpb_row vc_row-fluid vc_row standard_section \" data-midnight=\"dark\" data-bg-mobile-hidden=\"\">\n<div class=\"row-bg-wrap\" data-bg-animation=\"none\">\n<div class=\"inner-wrap\">\n<div class=\"row-bg\">\u00a0<\/div>\n<\/div>\n<div class=\"row-bg-overlay\">\u00a0<\/div>\n<\/div>\n<div class=\"col span_12 dark left\">\n<div class=\"vc_col-sm-12 wpb_column column_container vc_column_container col no-extra-padding instance-6\" data-t-w-inherits=\"default\" data-border-radius=\"none\" data-shadow=\"none\" data-border-animation=\"\" data-border-animation-delay=\"\" data-border-width=\"none\" data-border-style=\"solid\" data-border-color=\"\" data-bg-cover=\"\" data-padding-pos=\"all\" data-has-bg-color=\"false\" data-bg-color=\"\" data-bg-opacity=\"1\" data-hover-bg=\"\" data-hover-bg-opacity=\"1\" data-animation=\"\" data-delay=\"0\">\n<div class=\"column-bg-overlay\">\u00a0<\/div>\n<div class=\"vc_column-inner\">\n<div class=\"wpb_wrapper\">\n<div class=\"nectar-highlighted-text instance-5\" data-style=\"full_text\" data-using-custom-color=\"true\" data-color=\"#4e017a\">\n<h3>5. LIMITATIONS AND EXCLUSIONS OF LIABILITY<\/h3>\n<\/div>\n<div class=\"wpb_text_column wpb_content_element \">\n<div class=\"wpb_wrapper\">\n<p>SILICIUS does not guarantee the availability and continuity of the operation of the Website and of the services or contents provided therein, nor that the existing content on its Website is continuously updated, and is exempt from all liability for any kind of damage that may originate from such circumstances.<br \/>SILICIUS will take, provided there are no circumstances that make it impossible or difficult to execute, all action required to rectify errors, re-establish communication and\/or update the aforementioned content.<br \/>Likewise, SILICIUS does not guarantee the technical reliability of its Website, nor access to its different pages, being hereby exempt from all liability for any kind of resulting damage.<br \/>Moreover, SILICIUS is not responsible for the possible security errors or deficiencies that may be caused by the user\u2019s use of an outdated or insecure browser, or for the damage, errors or inaccuracies that may arise from the malfunctioning of said browser.<br \/>In order to reduce the risk of the Website having a virus, SILICIUS uses virus detection programs to monitor the content of the Website. However, SILICIUS does not guarantee the absence of viruses, nor of other elements of the Website introduced by third parties external to SILICIUS that may lead to alterations in the hardware or software of users or in the electronic documents or files stored therein. Accordingly, SILICIUS will not be responsible for any kind of damage that may derive from the presence of viruses or other elements that may cause alterations in the users\u2019 hardware, software, electronic documents or files.<br \/>SILICIUS adopts several protection measures to protect the Website, the data collected through it, and its content, against cyberattacks by third parties. However, SILICIUS does not guarantee that unauthorised third parties could have access to the user\u2019s type of use or browsing of the Website, or the conditions, characteristics and circumstances in which it is carried out. Accordingly, under no circumstances will SILICIUS be responsible for the damage that may derive from such unauthorised access.<br \/>Under no circumstances will SILICIUS be responsible for the use of the Website or its contents by other users or third parties, nor for the damage that may derive from such use.<\/p>\n<\/div>\n<\/div>\n<\/div>\n<\/div>\n<\/div>\n<\/div>\n<\/div>\n<div id=\"fws_60d1f24cd89fa\" class=\"wpb_row vc_row-fluid vc_row standard_section \" data-midnight=\"dark\" data-bg-mobile-hidden=\"\">\n<div class=\"row-bg-wrap\" data-bg-animation=\"none\">\n<div class=\"inner-wrap\">\n<div class=\"row-bg\">\u00a0<\/div>\n<\/div>\n<div class=\"row-bg-overlay\">\u00a0<\/div>\n<\/div>\n<div class=\"col span_12 dark left\">\n<div class=\"vc_col-sm-12 wpb_column column_container vc_column_container col no-extra-padding instance-7\" data-t-w-inherits=\"default\" data-border-radius=\"none\" data-shadow=\"none\" data-border-animation=\"\" data-border-animation-delay=\"\" data-border-width=\"none\" data-border-style=\"solid\" data-border-color=\"\" data-bg-cover=\"\" data-padding-pos=\"all\" data-has-bg-color=\"false\" data-bg-color=\"\" data-bg-opacity=\"1\" data-hover-bg=\"\" data-hover-bg-opacity=\"1\" data-animation=\"\" data-delay=\"0\">\n<div class=\"column-bg-overlay\">\u00a0<\/div>\n<div class=\"vc_column-inner\">\n<div class=\"wpb_wrapper\">\n<div class=\"nectar-highlighted-text instance-6\" data-style=\"full_text\" data-using-custom-color=\"true\" data-color=\"#4e017a\">\n<h3>6. PERSONAL DATA<\/h3>\n<\/div>\n<div class=\"wpb_text_column wpb_content_element \">\n<div class=\"wpb_wrapper\">\n<p class=\"p1\"><span class=\"s1\">Users\u2019 personal data may be collected through the Website. The processing of that personal data will be in accordance with the <\/span><a href=\"https:\/\/squaregardenmadrid.com\/en\/privacy-policy\/\">Privacy Policy<\/a>.<\/p>\n<\/div>\n<\/div>\n<\/div>\n<\/div>\n<\/div>\n<\/div>\n<\/div>\n<div id=\"fws_60d1f24cdf78e\" class=\"wpb_row vc_row-fluid vc_row standard_section \" data-midnight=\"dark\" data-bg-mobile-hidden=\"\">\n<div class=\"row-bg-wrap\" data-bg-animation=\"none\">\n<div class=\"inner-wrap\">\n<div class=\"row-bg\">\u00a0<\/div>\n<\/div>\n<div class=\"row-bg-overlay\">\u00a0<\/div>\n<\/div>\n<div class=\"col span_12 dark left\">\n<div class=\"vc_col-sm-12 wpb_column column_container vc_column_container col no-extra-padding instance-8\" data-t-w-inherits=\"default\" data-border-radius=\"none\" data-shadow=\"none\" data-border-animation=\"\" data-border-animation-delay=\"\" data-border-width=\"none\" data-border-style=\"solid\" data-border-color=\"\" data-bg-cover=\"\" data-padding-pos=\"all\" data-has-bg-color=\"false\" data-bg-color=\"\" data-bg-opacity=\"1\" data-hover-bg=\"\" data-hover-bg-opacity=\"1\" data-animation=\"\" data-delay=\"0\">\n<div class=\"column-bg-overlay\">\u00a0<\/div>\n<div class=\"vc_column-inner\">\n<div class=\"wpb_wrapper\">\n<div class=\"nectar-highlighted-text instance-7\" data-style=\"full_text\" data-using-custom-color=\"true\" data-color=\"#4e017a\">\n<h3>7. COOKIES POLICY<\/h3>\n<\/div>\n<div class=\"wpb_text_column wpb_content_element \">\n<div class=\"wpb_wrapper\">\n<p>The Website uses cookies (files that are installed in the user\u2019s computer\/smartphone\/tablet when they access certain websites in order to store and retrieve information about the browsing on that device). All information about the cookies used in the Website is available at this link: <a href=\"https:\/\/www.squaregardenmadrid.com\/en\/cookies-policy\/\">Cookies Policy<\/a><\/p>\n<\/div>\n<\/div>\n<\/div>\n<\/div>\n<\/div>\n<\/div>\n<\/div>\n<div id=\"fws_60d1f24cdfc46\" class=\"wpb_row vc_row-fluid vc_row standard_section \" data-midnight=\"dark\" data-bg-mobile-hidden=\"\">\n<div class=\"row-bg-wrap\" data-bg-animation=\"none\">\n<div class=\"inner-wrap\">\n<div class=\"row-bg\">\u00a0<\/div>\n<\/div>\n<div class=\"row-bg-overlay\">\u00a0<\/div>\n<\/div>\n<div class=\"col span_12 dark left\">\n<div class=\"vc_col-sm-12 wpb_column column_container vc_column_container col no-extra-padding instance-9\" data-t-w-inherits=\"default\" data-border-radius=\"none\" data-shadow=\"none\" data-border-animation=\"\" data-border-animation-delay=\"\" data-border-width=\"none\" data-border-style=\"solid\" data-border-color=\"\" data-bg-cover=\"\" data-padding-pos=\"all\" data-has-bg-color=\"false\" data-bg-color=\"\" data-bg-opacity=\"1\" data-hover-bg=\"\" data-hover-bg-opacity=\"1\" data-animation=\"\" data-delay=\"0\">\n<div class=\"column-bg-overlay\">\u00a0<\/div>\n<div class=\"vc_column-inner\">\n<div class=\"wpb_wrapper\">\n<div class=\"nectar-highlighted-text instance-8\" data-style=\"full_text\" data-using-custom-color=\"true\" data-color=\"#4e017a\">\n<h3>8. ASSIGNMENT<\/h3>\n<\/div>\n<div class=\"wpb_text_column wpb_content_element \">\n<div class=\"wpb_wrapper\">\n<p>The General Terms and Specific Terms may be assigned, without the user\u2019s consent, to any third party who acquires, in whole or in part, this Website or the business carried out therein.<\/p>\n<\/div>\n<\/div>\n<\/div>\n<\/div>\n<\/div>\n<\/div>\n<\/div>\n<div id=\"fws_60d1f24ce0044\" class=\"wpb_row vc_row-fluid vc_row standard_section \" data-midnight=\"dark\" data-bottom-percent=\"6%\" data-bg-mobile-hidden=\"\">\n<div class=\"row-bg-wrap\" data-bg-animation=\"none\">\n<div class=\"inner-wrap\">\n<div class=\"row-bg\">\u00a0<\/div>\n<\/div>\n<div class=\"row-bg-overlay\">\u00a0<\/div>\n<\/div>\n<div class=\"col span_12 dark left\">\n<div class=\"vc_col-sm-12 wpb_column column_container vc_column_container col no-extra-padding instance-10\" data-t-w-inherits=\"default\" data-border-radius=\"none\" data-shadow=\"none\" data-border-animation=\"\" data-border-animation-delay=\"\" data-border-width=\"none\" data-border-style=\"solid\" data-border-color=\"\" data-bg-cover=\"\" data-padding-pos=\"all\" data-has-bg-color=\"false\" data-bg-color=\"\" data-bg-opacity=\"1\" data-hover-bg=\"\" data-hover-bg-opacity=\"1\" data-animation=\"\" data-delay=\"0\">\n<div class=\"column-bg-overlay\">\u00a0<\/div>\n<div class=\"vc_column-inner\">\n<div class=\"wpb_wrapper\">\n<div class=\"nectar-highlighted-text instance-9\" data-style=\"full_text\" data-using-custom-color=\"true\" data-color=\"#4e017a\">\n<h3>9. GOVERNING LAW AND JURISDICTION<\/h3>\n<\/div>\n<div class=\"wpb_text_column wpb_content_element \">\n<div class=\"wpb_wrapper\">\n<p>These General Terms are governed by Spanish law (legislaci\u00f3n com\u00fan espa\u00f1ola) and any dispute regarding the same will be submitted to the jurisdiction of the courts and tribunals of the city of Madrid, unless the applicable law states otherwise.<\/p>\n<p>\u00a0<\/p>\n<p class=\"p1\"><span class=\"s1\">Last review: <\/span><span class=\"s2\">April <\/span><span class=\"s1\">2020<\/span><\/p>\n<p class=\"p1\"><span class=\"s1\">\u00a9 Madrid, <\/span><span class=\"s2\">SILICIUS REAL ESTATE SOCIMI, S.A.<\/span><span class=\"s1\">, 2021. Reproduction in whole or in part is forbidden. All rights reserved.<\/span><\/p>\n<\/div>\n<\/div>\n<\/div>\n<\/div>\n<\/div>\n<\/div>\n<\/div>\n<\/div>\n<\/div>\t\t\t\t\t\t\t\t<\/div>\n\t\t\t\t<\/div>\n\t\t\t\t\t<\/div>\n\t\t<\/div>\n\t\t\t\t\t<\/div>\n\t\t<\/section>\n\t\t\t\t<\/div>\n\t\t","protected":false},"excerpt":{"rendered":"<p>1. LEGAL NOTICE AND GENERAL TERMS OF USE These general terms of use for SILICIUS REAL ESTATE SOCIMI, S.A. (\u201cSILICIUS\u201d) (squaregardenmadrid.com) website (the \u201cGeneral Terms\u201d) regulate access to and the use of this website, as well as its webpages (the \u201cWebsite\u201d). Users must read these General Terms carefully given that each time they use the [&hellip;]<\/p>\n","protected":false},"author":1,"featured_media":0,"parent":0,"menu_order":0,"comment_status":"closed","ping_status":"closed","template":"template\/template-homepage.php","meta":{"footnotes":""},"class_list":["post-17246","page","type-page","status-publish","hentry"],"_links":{"self":[{"href":"https:\/\/squaregardenmadrid.com\/en\/wp-json\/wp\/v2\/pages\/17246","targetHints":{"allow":["GET"]}}],"collection":[{"href":"https:\/\/squaregardenmadrid.com\/en\/wp-json\/wp\/v2\/pages"}],"about":[{"href":"https:\/\/squaregardenmadrid.com\/en\/wp-json\/wp\/v2\/types\/page"}],"author":[{"embeddable":true,"href":"https:\/\/squaregardenmadrid.com\/en\/wp-json\/wp\/v2\/users\/1"}],"replies":[{"embeddable":true,"href":"https:\/\/squaregardenmadrid.com\/en\/wp-json\/wp\/v2\/comments?post=17246"}],"version-history":[{"count":13,"href":"https:\/\/squaregardenmadrid.com\/en\/wp-json\/wp\/v2\/pages\/17246\/revisions"}],"predecessor-version":[{"id":17528,"href":"https:\/\/squaregardenmadrid.com\/en\/wp-json\/wp\/v2\/pages\/17246\/revisions\/17528"}],"wp:attachment":[{"href":"https:\/\/squaregardenmadrid.com\/en\/wp-json\/wp\/v2\/media?parent=17246"}],"curies":[{"name":"wp","href":"https:\/\/api.w.org\/{rel}","templated":true}]}}